{"id":27,"date":"2016-05-16T12:18:54","date_gmt":"2016-05-16T12:18:54","guid":{"rendered":"http:\/\/calltracker.pl\/blog\/?page_id=27"},"modified":"2018-08-20T14:34:33","modified_gmt":"2018-08-20T14:34:33","slug":"cennik","status":"publish","type":"page","link":"https:\/\/www.calltracker.pl\/blog\/cennik\/","title":{"rendered":"Cennik"},"content":{"rendered":"<div class=\"price-table\">\n<div class=\"price-table--table-wrapper\">\n<div class=\"price-table--zoom text-center\"><a class=\"btn btn__primary btn__small\">Powi\u0119ksz tabel\u0119Pomniejsz tabel\u0119<\/a><\/div>\n<div class=\"price-table--table\">\n<table>\n<thead>\n<tr>\n<th>Basic <strong>od 30 z\u0142<\/strong><\/th>\n<th class=\"selected\">Standard <strong>300 z\u0142<\/strong> <small>Abonament miesi\u0119czny<\/small><\/th>\n<th>Advanced <strong>500 z\u0142<\/strong> <small>Abonament miesi\u0119czny<\/small><\/th>\n<th>Customized Indywidualna kalkulacja<\/th>\n<\/tr>\n<\/thead>\n<tbody>\n<tr>\n<td>Numery wirtualne &#8211; <strong>bez limitu<\/strong> Op\u0142ata za numer wirtualny: 30 z\u0142\/numer\/m-c<\/td>\n<td><strong>15<\/strong> numer\u00f3w wirtualnych bezp\u0142atnie w pakiecie<\/td>\n<td><b>40<\/b> numer\u00f3w wirtualnych bezp\u0142atnie w pakiecie<\/td>\n<td>Numery wirtualne &#8211; <strong>bez limitu<\/strong><\/td>\n<\/tr>\n<tr>\n<td>1 konto klienta<\/td>\n<td>1 konto klienta<\/td>\n<td>1 konto klienta<\/td>\n<td><strong>Bez limitu<\/strong><\/td>\n<\/tr>\n<tr>\n<td><strong>25 min\/miesi\u0119cznie<\/strong> darmowych po\u0142\u0105cze\u0144<\/td>\n<td><strong>300 min\/miesi\u0119cznie<\/strong> darmowych po\u0142\u0105cze\u0144<\/td>\n<td><strong>500 min\/miesi\u0119cznie<\/strong> darmowych po\u0142\u0105cze\u0144<\/td>\n<td><strong>Negocjowana ilo\u015b\u0107 minut darmowych po\u0142\u0105cze\u0144<\/strong><\/td>\n<\/tr>\n<tr>\n<td>\u015aledzenie reklamy online i offline<\/td>\n<td>\u015aledzenie reklamy online i offline<\/td>\n<td>\u015aledzenie reklamy online i offline<\/td>\n<td>\u015aledzenie reklamy online i offline<\/td>\n<\/tr>\n<tr>\n<td><\/td>\n<td>Eksport do Google AdWords<\/td>\n<td>Eksport do Google AdWords<\/td>\n<td>Eksport do Google AdWords<\/td>\n<\/tr>\n<tr>\n<td><\/td>\n<td><\/td>\n<td><\/td>\n<td>Subkonta<\/td>\n<\/tr>\n<tr>\n<td><\/td>\n<td><\/td>\n<td><\/td>\n<td>Konto White Label<\/td>\n<\/tr>\n<tr id=\"price-group\" class=\"cta\">\n<td><a class=\"btn btn__primary btn__arrow sender\" href=\"\/login.html\">Testuj 14 dni za darmo<\/a><\/td>\n<td><a class=\"btn btn__arrow sender\" href=\"\/login.html\">Testuj 14 dni za darmo<\/a><\/td>\n<td><a class=\"btn btn__primary btn__arrow sender\" href=\"\/login.html\">Testuj 14 dni za darmo<\/a><\/td>\n<td><a class=\"btn btn__primary btn__arrow\" href=\"#kontakt\">Skontaktuj si\u0119 z nami<\/a><\/td>\n<\/tr>\n<tr>\n<td>Pakiet 100 minut po\u0142\u0105cze\u0144 <strong>22 z\u0142<\/strong><\/td>\n<td>Pakiet 100 minut po\u0142\u0105cze\u0144 <strong>17 z\u0142<\/strong><\/td>\n<td>Pakiet 100 minut po\u0142\u0105cze\u0144 <strong>12 z\u0142<\/strong><\/td>\n<td><strong>Pakiet minut po\u0142\u0105cze\u0144 Cena negocjowana<\/strong><\/td>\n<\/tr>\n<tr>\n<td>Nagranie powitalne<\/td>\n<td>Nagranie powitalne<\/td>\n<td>Nagranie powitalne<\/td>\n<td>Nagranie powitalne<\/td>\n<\/tr>\n<tr>\n<td>Nagrywanie rozm\u00f3w<\/td>\n<td>Nagrywanie rozm\u00f3w<\/td>\n<td>Nagrywanie rozm\u00f3w<\/td>\n<td>Nagrywanie rozm\u00f3w<\/td>\n<\/tr>\n<tr>\n<td>Przechowywanie rozm\u00f3w <strong>1 miesi\u0105c<\/strong><\/td>\n<td>Przechowywanie rozm\u00f3w <strong>3 miesi\u0105ce<\/strong><\/td>\n<td>Przechowywanie rozm\u00f3w <strong>6 miesi\u0119cy<\/strong><\/td>\n<td>Przechowywanie rozm\u00f3w <strong>6 miesi\u0119cy<\/strong><\/td>\n<\/tr>\n<tr>\n<td>Raporty online o\u00a0skuteczno\u015bci medi\u00f3w<\/td>\n<td>Raporty online o\u00a0skuteczno\u015bci medi\u00f3w<\/td>\n<td>Raporty online o\u00a0skuteczno\u015bci medi\u00f3w<\/td>\n<td>Raporty online o\u00a0skuteczno\u015bci medi\u00f3w<\/td>\n<\/tr>\n<tr>\n<td>Modu\u0142 po\u0142\u0105cze\u0144<\/td>\n<td>Modu\u0142 po\u0142\u0105cze\u0144<\/td>\n<td>Modu\u0142 po\u0142\u0105cze\u0144<\/td>\n<td>Modu\u0142 po\u0142\u0105cze\u0144<\/td>\n<\/tr>\n<tr>\n<td>Eksport danych<\/td>\n<td>Eksport danych<\/td>\n<td>Eksport danych<\/td>\n<td>Eksport danych<\/td>\n<\/tr>\n<\/tbody>\n<\/table>\n<\/div>\n<\/div>\n<p class=\"text-center\">Prezentowane ceny s\u0105 cenami netto.<\/p>\n<p><!--\n\n\n<p class=\"text-center\"><a class=\"btn btn__primary btn__arrow\" href=\"\/login.html\">Testuj 7 dni za darmo<\/a><\/p>\n\n\n --><\/p>\n<\/div>\n","protected":false},"excerpt":{"rendered":"Powi\u0119ksz tabel\u0119Pomniejsz tabel\u0119 Basic od 30 z\u0142 Standard 300 z\u0142 Abonament miesi\u0119czny Advanced 500 z\u0142 Abonament miesi\u0119czny Customized Indywidualna kalkulacja Numery wirtualne &#8211; bez limitu Op\u0142ata za numer wirtualny: 30 z\u0142\/numer\/m-c 15 numer\u00f3w wirtualnych bezp\u0142atnie w pakiecie 40 numer\u00f3w wirtualnych bezp\u0142atnie w pakiecie Numery wirtualne &#8211; bez limitu 1 konto klienta 1 konto klienta 1&#8230;","protected":false},"author":1,"featured_media":0,"parent":0,"menu_order":0,"comment_status":"closed","ping_status":"closed","template":"template-pricing.php","meta":{"footnotes":""},"class_list":["post-27","page","type-page","status-publish","hentry"],"yoast_head":"<!-- This site is optimized with the Yoast SEO plugin v26.0 - https:\/\/yoast.com\/wordpress\/plugins\/seo\/ -->\n<title>Cennik - Calltracker<\/title>\n<meta name=\"robots\" content=\"index, follow, max-snippet:-1, max-image-preview:large, max-video-preview:-1\" \/>\n<link rel=\"canonical\" href=\"https:\/\/calltracker.pl\/blog\/cennik\/\" \/>\n<meta property=\"og:locale\" content=\"pl_PL\" \/>\n<meta property=\"og:type\" content=\"article\" \/>\n<meta property=\"og:title\" content=\"Cennik - Calltracker\" \/>\n<meta property=\"og:description\" content=\"Powi\u0119ksz tabel\u0119Pomniejsz tabel\u0119 Basic od 30 z\u0142 Standard 300 z\u0142 Abonament miesi\u0119czny Advanced 500 z\u0142 Abonament miesi\u0119czny Customized Indywidualna kalkulacja Numery wirtualne &#8211; bez limitu Op\u0142ata za numer wirtualny: 30 z\u0142\/numer\/m-c 15 numer\u00f3w wirtualnych bezp\u0142atnie w pakiecie 40 numer\u00f3w wirtualnych bezp\u0142atnie w pakiecie Numery wirtualne &#8211; bez limitu 1 konto klienta 1 konto klienta 1...\" \/>\n<meta property=\"og:url\" content=\"https:\/\/calltracker.pl\/blog\/cennik\/\" \/>\n<meta property=\"og:site_name\" content=\"Calltracker\" \/>\n<meta property=\"article:publisher\" content=\"https:\/\/www.facebook.com\/Calltrackerpl\/\" \/>\n<meta property=\"article:modified_time\" content=\"2018-08-20T14:34:33+00:00\" \/>\n<meta name=\"twitter:card\" content=\"summary_large_image\" \/>\n<meta name=\"twitter:label1\" content=\"Szacowany czas czytania\" \/>\n\t<meta name=\"twitter:data1\" content=\"1 minuta\" \/>\n<script type=\"application\/ld+json\" class=\"yoast-schema-graph\">{\"@context\":\"https:\/\/schema.org\",\"@graph\":[{\"@type\":\"WebPage\",\"@id\":\"https:\/\/calltracker.pl\/blog\/cennik\/\",\"url\":\"https:\/\/calltracker.pl\/blog\/cennik\/\",\"name\":\"Cennik - Calltracker\",\"isPartOf\":{\"@id\":\"https:\/\/e1c15827-0341-4275-9ea7-9889fadd919e.calltracker.pl\/blog\/#website\"},\"datePublished\":\"2016-05-16T12:18:54+00:00\",\"dateModified\":\"2018-08-20T14:34:33+00:00\",\"breadcrumb\":{\"@id\":\"https:\/\/calltracker.pl\/blog\/cennik\/#breadcrumb\"},\"inLanguage\":\"pl-PL\",\"potentialAction\":[{\"@type\":\"ReadAction\",\"target\":[\"https:\/\/calltracker.pl\/blog\/cennik\/\"]}]},{\"@type\":\"BreadcrumbList\",\"@id\":\"https:\/\/calltracker.pl\/blog\/cennik\/#breadcrumb\",\"itemListElement\":[{\"@type\":\"ListItem\",\"position\":1,\"name\":\"Home\",\"item\":\"https:\/\/e1c15827-0341-4275-9ea7-9889fadd919e.calltracker.pl\/blog\/\"},{\"@type\":\"ListItem\",\"position\":2,\"name\":\"Cennik\"}]},{\"@type\":\"WebSite\",\"@id\":\"https:\/\/e1c15827-0341-4275-9ea7-9889fadd919e.calltracker.pl\/blog\/#website\",\"url\":\"https:\/\/e1c15827-0341-4275-9ea7-9889fadd919e.calltracker.pl\/blog\/\",\"name\":\"Calltracker\",\"description\":\"Mierzymy skuteczno\u015b\u0107 reklamy i dzia\u0142a\u0144 marketingowych - sprawd\u017a nasze pomys\u0142y na zwi\u0119kszenie sprzeda\u017cy\",\"potentialAction\":[{\"@type\":\"SearchAction\",\"target\":{\"@type\":\"EntryPoint\",\"urlTemplate\":\"https:\/\/e1c15827-0341-4275-9ea7-9889fadd919e.calltracker.pl\/blog\/?s={search_term_string}\"},\"query-input\":{\"@type\":\"PropertyValueSpecification\",\"valueRequired\":true,\"valueName\":\"search_term_string\"}}],\"inLanguage\":\"pl-PL\"}]}<\/script>\n<!-- \/ Yoast SEO plugin. -->","yoast_head_json":{"title":"Cennik - Calltracker","robots":{"index":"index","follow":"follow","max-snippet":"max-snippet:-1","max-image-preview":"max-image-preview:large","max-video-preview":"max-video-preview:-1"},"canonical":"https:\/\/calltracker.pl\/blog\/cennik\/","og_locale":"pl_PL","og_type":"article","og_title":"Cennik - Calltracker","og_description":"Powi\u0119ksz tabel\u0119Pomniejsz tabel\u0119 Basic od 30 z\u0142 Standard 300 z\u0142 Abonament miesi\u0119czny Advanced 500 z\u0142 Abonament miesi\u0119czny Customized Indywidualna kalkulacja Numery wirtualne &#8211; bez limitu Op\u0142ata za numer wirtualny: 30 z\u0142\/numer\/m-c 15 numer\u00f3w wirtualnych bezp\u0142atnie w pakiecie 40 numer\u00f3w wirtualnych bezp\u0142atnie w pakiecie Numery wirtualne &#8211; bez limitu 1 konto klienta 1 konto klienta 1...","og_url":"https:\/\/calltracker.pl\/blog\/cennik\/","og_site_name":"Calltracker","article_publisher":"https:\/\/www.facebook.com\/Calltrackerpl\/","article_modified_time":"2018-08-20T14:34:33+00:00","twitter_card":"summary_large_image","twitter_misc":{"Szacowany czas czytania":"1 minuta"},"schema":{"@context":"https:\/\/schema.org","@graph":[{"@type":"WebPage","@id":"https:\/\/calltracker.pl\/blog\/cennik\/","url":"https:\/\/calltracker.pl\/blog\/cennik\/","name":"Cennik - Calltracker","isPartOf":{"@id":"https:\/\/e1c15827-0341-4275-9ea7-9889fadd919e.calltracker.pl\/blog\/#website"},"datePublished":"2016-05-16T12:18:54+00:00","dateModified":"2018-08-20T14:34:33+00:00","breadcrumb":{"@id":"https:\/\/calltracker.pl\/blog\/cennik\/#breadcrumb"},"inLanguage":"pl-PL","potentialAction":[{"@type":"ReadAction","target":["https:\/\/calltracker.pl\/blog\/cennik\/"]}]},{"@type":"BreadcrumbList","@id":"https:\/\/calltracker.pl\/blog\/cennik\/#breadcrumb","itemListElement":[{"@type":"ListItem","position":1,"name":"Home","item":"https:\/\/e1c15827-0341-4275-9ea7-9889fadd919e.calltracker.pl\/blog\/"},{"@type":"ListItem","position":2,"name":"Cennik"}]},{"@type":"WebSite","@id":"https:\/\/e1c15827-0341-4275-9ea7-9889fadd919e.calltracker.pl\/blog\/#website","url":"https:\/\/e1c15827-0341-4275-9ea7-9889fadd919e.calltracker.pl\/blog\/","name":"Calltracker","description":"Mierzymy skuteczno\u015b\u0107 reklamy i dzia\u0142a\u0144 marketingowych - sprawd\u017a nasze pomys\u0142y na zwi\u0119kszenie sprzeda\u017cy","potentialAction":[{"@type":"SearchAction","target":{"@type":"EntryPoint","urlTemplate":"https:\/\/e1c15827-0341-4275-9ea7-9889fadd919e.calltracker.pl\/blog\/?s={search_term_string}"},"query-input":{"@type":"PropertyValueSpecification","valueRequired":true,"valueName":"search_term_string"}}],"inLanguage":"pl-PL"}]}},"_links":{"self":[{"href":"https:\/\/www.calltracker.pl\/blog\/wp-json\/wp\/v2\/pages\/27","targetHints":{"allow":["GET"]}}],"collection":[{"href":"https:\/\/www.calltracker.pl\/blog\/wp-json\/wp\/v2\/pages"}],"about":[{"href":"https:\/\/www.calltracker.pl\/blog\/wp-json\/wp\/v2\/types\/page"}],"author":[{"embeddable":true,"href":"https:\/\/www.calltracker.pl\/blog\/wp-json\/wp\/v2\/users\/1"}],"replies":[{"embeddable":true,"href":"https:\/\/www.calltracker.pl\/blog\/wp-json\/wp\/v2\/comments?post=27"}],"version-history":[{"count":18,"href":"https:\/\/www.calltracker.pl\/blog\/wp-json\/wp\/v2\/pages\/27\/revisions"}],"predecessor-version":[{"id":440,"href":"https:\/\/www.calltracker.pl\/blog\/wp-json\/wp\/v2\/pages\/27\/revisions\/440"}],"wp:attachment":[{"href":"https:\/\/www.calltracker.pl\/blog\/wp-json\/wp\/v2\/media?parent=27"}],"curies":[{"name":"wp","href":"https:\/\/api.w.org\/{rel}","templated":true}]}}